{"id":4286,"date":"2025-08-11T08:45:18","date_gmt":"2025-08-11T08:45:18","guid":{"rendered":"https:\/\/ai.iedu.sk\/kontakt\/"},"modified":"2026-03-10T09:15:31","modified_gmt":"2026-03-10T09:15:31","slug":"contact","status":"publish","type":"page","link":"https:\/\/ai.iedu.sk\/en\/contact\/","title":{"rendered":"Contact"},"content":{"rendered":"[vc_row type=&#8221;in_container&#8221; full_screen_row_position=&#8221;middle&#8221; column_margin=&#8221;default&#8221; equal_height=&#8221;yes&#8221; content_placement=&#8221;top&#8221; column_direction=&#8221;default&#8221; column_direction_tablet=&#8221;default&#8221; column_direction_phone=&#8221;default&#8221; scene_position=&#8221;center&#8221; top_padding=&#8221;70&#8243; bottom_padding=&#8221;70&#8243; text_color=&#8221;dark&#8221; text_align=&#8221;left&#8221; row_border_radius=&#8221;none&#8221; row_border_radius_applies=&#8221;bg&#8221; overflow=&#8221;visible&#8221; overlay_strength=&#8221;0.3&#8243; gradient_direction=&#8221;left_to_right&#8221; shape_divider_position=&#8221;bottom&#8221; bg_image_animation=&#8221;none&#8221; gradient_type=&#8221;default&#8221; shape_type=&#8221;&#8221;][vc_column column_padding=&#8221;padding-5-percent&#8221; column_padding_tablet=&#8221;inherit&#8221; column_padding_phone=&#8221;inherit&#8221; column_padding_position=&#8221;right&#8221; column_element_direction_desktop=&#8221;default&#8221; column_element_spacing=&#8221;default&#8221; desktop_text_alignment=&#8221;default&#8221; tablet_text_alignment=&#8221;default&#8221; phone_text_alignment=&#8221;default&#8221; background_color_opacity=&#8221;1&#8243; background_hover_color_opacity=&#8221;1&#8243; column_backdrop_filter=&#8221;none&#8221; font_color=&#8221;#5917FF&#8221; column_shadow=&#8221;none&#8221; column_border_radius=&#8221;none&#8221; column_link_target=&#8221;_self&#8221; column_position=&#8221;default&#8221; gradient_direction=&#8221;left_to_right&#8221; overlay_strength=&#8221;0.3&#8243; width=&#8221;1\/2&#8243; tablet_width_inherit=&#8221;default&#8221; animation_type=&#8221;default&#8221; bg_image_animation=&#8221;none&#8221; border_type=&#8221;simple&#8221; column_border_width=&#8221;none&#8221; column_border_style=&#8221;solid&#8221; column_padding_type=&#8221;default&#8221; gradient_type=&#8221;default&#8221;][vc_custom_heading text=&#8221;Contact us&#8221; use_theme_fonts=&#8221;yes&#8221; css_animation=&#8221;none&#8221; css=&#8221;&#8221;][vc_column_text css=&#8221;.vc_custom_1773134093300{padding-top: 20px !important;}&#8221; text_direction=&#8221;default&#8221;]\n<h3 data-start=\"0\" data-end=\"54\"><span style=\"color: #000000;\"><strong data-start=\"0\" data-end=\"54\">Do you have questions about using AI in education?<\/strong><\/span><\/h3>\n<p data-start=\"56\" data-end=\"225\"><span style=\"color: #000000;\"><strong>The Artificial Intelligence in Education platform (ai.iedu.sk) is a project of the Ministry of Education, Research, Development and Youth of the Slovak Republic<\/strong>.<\/span><\/p>\n<p data-start=\"227\" data-end=\"485\"><span style=\"color: #000000;\">We are here for teachers, school leaders, educational institutions and education professionals. Send us your questions, suggestions or experiences. Your feedback helps shape the safe and responsible use of artificial intelligence in the education system.<\/span><\/p>\n<h3 data-start=\"487\" data-end=\"526\"><span style=\"color: #000000;\"><strong data-start=\"487\" data-end=\"526\">Is something missing on our portal?<\/strong><\/span><\/h3>\n<p data-start=\"528\" data-end=\"730\"><span style=\"color: #000000;\">Share your ideas and needs with us. We welcome suggestions for useful tools, training opportunities, methodological materials or other resources that could support teachers and improve student learning.<\/span><\/p>\n<p data-start=\"732\" data-end=\"882\"><span style=\"color: #000000;\">Your input will help expand our database of verified resources and ensure that the portal becomes a practical tool for the entire education community.<\/span><\/p>\n[\/vc_column_text][vc_column_text css=&#8221;.vc_custom_1773054003418{padding-top: 20px !important;}&#8221; text_direction=&#8221;default&#8221;]\n<h3 data-start=\"1475\" data-end=\"1533\">Contact for media and the public<\/h3>\n<p><span style=\"color: #000000;\">E-mail:<\/span>\u00a0<span style=\"color: #ff6600;\"><a style=\"color: #ff6600;\" href=\"mailto:ai@minedu.sk\">ai@minedu.sk<\/a><\/span>[\/vc_column_text][\/vc_column][vc_column column_padding=&#8221;padding-5-percent&#8221; column_padding_tablet=&#8221;inherit&#8221; column_padding_phone=&#8221;inherit&#8221; column_padding_position=&#8221;all&#8221; top_margin_phone=&#8221;30&#8243; column_element_direction_desktop=&#8221;default&#8221; column_element_spacing=&#8221;default&#8221; desktop_text_alignment=&#8221;default&#8221; tablet_text_alignment=&#8221;default&#8221; phone_text_alignment=&#8221;left&#8221; background_color=&#8221;#5917FF&#8221; background_color_opacity=&#8221;1&#8243; background_hover_color_opacity=&#8221;1&#8243; column_backdrop_filter=&#8221;none&#8221; font_color=&#8221;#5917FF&#8221; column_shadow=&#8221;none&#8221; column_border_radius=&#8221;20px&#8221; column_link_target=&#8221;_self&#8221; column_position=&#8221;default&#8221; gradient_direction=&#8221;left_to_right&#8221; overlay_strength=&#8221;0.3&#8243; width=&#8221;1\/2&#8243; tablet_width_inherit=&#8221;default&#8221; animation_type=&#8221;default&#8221; bg_image_animation=&#8221;none&#8221; border_type=&#8221;simple&#8221; column_border_width=&#8221;none&#8221; column_border_style=&#8221;solid&#8221; column_padding_type=&#8221;default&#8221; gradient_type=&#8221;default&#8221;]\n<div class=\"wpcf7 no-js\" id=\"wpcf7-f4366-o1\" lang=\"en-US\" dir=\"ltr\" data-wpcf7-id=\"4366\">\n<div class=\"screen-reader-response\"><p role=\"status\" aria-live=\"polite\" aria-atomic=\"true\"><\/p> <ul><\/ul><\/div>\n<form action=\"\/en\/wp-json\/wp\/v2\/pages\/4286#wpcf7-f4366-o1\" method=\"post\" class=\"wpcf7-form init\" aria-label=\"Contact form\" novalidate=\"novalidate\" data-status=\"init\">\n<fieldset class=\"hidden-fields-container\"><input type=\"hidden\" name=\"_wpcf7\" value=\"4366\" \/><input type=\"hidden\" name=\"_wpcf7_version\" value=\"6.1.5\" \/><input type=\"hidden\" name=\"_wpcf7_locale\" value=\"en_US\" \/><input type=\"hidden\" name=\"_wpcf7_unit_tag\" value=\"wpcf7-f4366-o1\" \/><input type=\"hidden\" name=\"_wpcf7_container_post\" value=\"0\" \/><input type=\"hidden\" name=\"_wpcf7_posted_data_hash\" value=\"\" \/><input type=\"hidden\" name=\"_wpcf7_recaptcha_response\" value=\"\" \/>\n<\/fieldset>\n<p><span class=\"wpcf7-form-control-wrap\" data-name=\"your-name\"><input size=\"40\" maxlength=\"400\" class=\"wpcf7-form-control wpcf7-text wpcf7-validates-as-required\" aria-required=\"true\" aria-invalid=\"false\" placeholder=\"Name Surname\" value=\"\" type=\"text\" name=\"your-name\" \/><\/span>\n<\/p>\n<p><span class=\"wpcf7-form-control-wrap\" data-name=\"your-email\"><input size=\"40\" maxlength=\"400\" class=\"wpcf7-form-control wpcf7-email wpcf7-validates-as-required wpcf7-text wpcf7-validates-as-email\" aria-required=\"true\" aria-invalid=\"false\" placeholder=\"E-mail\" value=\"\" type=\"email\" name=\"your-email\" \/><\/span>\n<\/p>\n<p><span class=\"wpcf7-form-control-wrap\" data-name=\"your-message\"><textarea cols=\"40\" rows=\"10\" maxlength=\"2000\" class=\"wpcf7-form-control wpcf7-textarea\" aria-invalid=\"false\" placeholder=\"Message\" name=\"your-message\"><\/textarea><\/span>\n<\/p>\n<p><span class=\"wpcf7-form-control-wrap\" data-name=\"acceptance-GDPR\"><span class=\"wpcf7-form-control wpcf7-acceptance\"><span class=\"wpcf7-list-item\"><label><input type=\"checkbox\" name=\"acceptance-GDPR\" value=\"1\" aria-invalid=\"false\" \/><span class=\"wpcf7-list-item-label\"><span class=\"acceptance-GDPR\">I agree to the processing<a href=\"https:\/\/ai.iedu.sk\/ochrana-osobnych-udajov\/\" target=\"_blank\">of personal data.\n<\/a><\/span><\/span><\/label><\/span><\/span><\/span>\n<\/p>\n<p><input class=\"wpcf7-form-control wpcf7-submit has-spinner\" type=\"submit\" value=\"Send\" \/>\n<\/p><div class=\"wpcf7-response-output\" aria-hidden=\"true\"><\/div>\n<\/form>\n<\/div>\n[\/vc_column][\/vc_row]\n","protected":false},"excerpt":{"rendered":"<p>[vc_row type=&#8221;in_container&#8221; full_screen_row_position=&#8221;middle&#8221; column_margin=&#8221;default&#8221; equal_height=&#8221;yes&#8221; content_placement=&#8221;top&#8221; column_direction=&#8221;default&#8221; column_direction_tablet=&#8221;default&#8221; column_direction_phone=&#8221;default&#8221; scene_position=&#8221;center&#8221; top_padding=&#8221;70&#8243; bottom_padding=&#8221;70&#8243; text_color=&#8221;dark&#8221; text_align=&#8221;left&#8221; row_border_radius=&#8221;none&#8221; row_border_radius_applies=&#8221;bg&#8221; overflow=&#8221;visible&#8221; overlay_strength=&#8221;0.3&#8243; gradient_direction=&#8221;left_to_right&#8221; shape_divider_position=&#8221;bottom&#8221; bg_image_animation=&#8221;none&#8221; gradient_type=&#8221;default&#8221; shape_type=&#8221;&#8221;][vc_column column_padding=&#8221;padding-5-percent&#8221; column_padding_tablet=&#8221;inherit&#8221; column_padding_phone=&#8221;inherit&#8221; column_padding_position=&#8221;right&#8221; column_element_direction_desktop=&#8221;default&#8221; column_element_spacing=&#8221;default&#8221; desktop_text_alignment=&#8221;default&#8221;&#8230;<\/p>\n","protected":false},"author":1,"featured_media":0,"parent":0,"menu_order":0,"comment_status":"closed","ping_status":"closed","template":"","meta":{"inline_featured_image":false,"footnotes":""},"class_list":["post-4286","page","type-page","status-publish"],"yoast_head":"<!-- This site is optimized with the Yoast SEO plugin v27.5 - https:\/\/yoast.com\/product\/yoast-seo-wordpress\/ -->\n<title>AI in Education &#8212; Contact Us<\/title>\n<meta name=\"description\" content=\"We are here for teachers, school leaders, educational institutions and professionals. Send us your questions, suggestions or experiences.\" \/>\n<meta name=\"robots\" content=\"index, follow, max-snippet:-1, max-image-preview:large, max-video-preview:-1\" \/>\n<link rel=\"canonical\" href=\"https:\/\/ai.iedu.sk\/en\/contact\/\" \/>\n<meta property=\"og:locale\" content=\"en_US\" \/>\n<meta property=\"og:type\" content=\"article\" \/>\n<meta property=\"og:title\" content=\"AI in Education &#8212; Contact Us\" \/>\n<meta property=\"og:description\" content=\"We are here for teachers, school leaders, educational institutions and professionals. Send us your questions, suggestions or experiences.\" \/>\n<meta property=\"og:url\" content=\"https:\/\/ai.iedu.sk\/en\/contact\/\" \/>\n<meta property=\"og:site_name\" content=\"AI IEDU\" \/>\n<meta property=\"article:modified_time\" content=\"2026-03-10T09:15:31+00:00\" \/>\n<meta property=\"og:image\" content=\"https:\/\/ai.iedu.sk\/wp-content\/uploads\/2025\/09\/AI-social-media.png\" \/>\n\t<meta property=\"og:image:width\" content=\"1200\" \/>\n\t<meta property=\"og:image:height\" content=\"630\" \/>\n\t<meta property=\"og:image:type\" content=\"image\/png\" \/>\n<meta name=\"twitter:card\" content=\"summary_large_image\" \/>\n<meta name=\"twitter:label1\" content=\"Est. reading time\" \/>\n\t<meta name=\"twitter:data1\" content=\"1 minute\" \/>\n<script type=\"application\/ld+json\" class=\"yoast-schema-graph\">{\"@context\":\"https:\\\/\\\/schema.org\",\"@graph\":[{\"@type\":\"WebPage\",\"@id\":\"https:\\\/\\\/ai.iedu.sk\\\/en\\\/contact\\\/\",\"url\":\"https:\\\/\\\/ai.iedu.sk\\\/en\\\/contact\\\/\",\"name\":\"AI in Education &#8212; Contact Us\",\"isPartOf\":{\"@id\":\"https:\\\/\\\/ai.iedu.sk\\\/#website\"},\"datePublished\":\"2025-08-11T08:45:18+00:00\",\"dateModified\":\"2026-03-10T09:15:31+00:00\",\"description\":\"We are here for teachers, school leaders, educational institutions and professionals. Send us your questions, suggestions or experiences.\",\"breadcrumb\":{\"@id\":\"https:\\\/\\\/ai.iedu.sk\\\/en\\\/contact\\\/#breadcrumb\"},\"inLanguage\":\"en-US\",\"potentialAction\":[{\"@type\":\"ReadAction\",\"target\":[\"https:\\\/\\\/ai.iedu.sk\\\/en\\\/contact\\\/\"]}]},{\"@type\":\"BreadcrumbList\",\"@id\":\"https:\\\/\\\/ai.iedu.sk\\\/en\\\/contact\\\/#breadcrumb\",\"itemListElement\":[{\"@type\":\"ListItem\",\"position\":1,\"name\":\"Domovsk\u00e1 str\u00e1nka\",\"item\":\"https:\\\/\\\/ai.iedu.sk\\\/en\\\/\"},{\"@type\":\"ListItem\",\"position\":2,\"name\":\"Contact\"}]},{\"@type\":\"WebSite\",\"@id\":\"https:\\\/\\\/ai.iedu.sk\\\/#website\",\"url\":\"https:\\\/\\\/ai.iedu.sk\\\/\",\"name\":\"AI IEDU\",\"description\":\"Umel\u00e1 inteligencia vo vzdel\u00e1van\u00ed\",\"potentialAction\":[{\"@type\":\"SearchAction\",\"target\":{\"@type\":\"EntryPoint\",\"urlTemplate\":\"https:\\\/\\\/ai.iedu.sk\\\/?s={search_term_string}\"},\"query-input\":{\"@type\":\"PropertyValueSpecification\",\"valueRequired\":true,\"valueName\":\"search_term_string\"}}],\"inLanguage\":\"en-US\"}]}<\/script>\n<!-- \/ Yoast SEO plugin. -->","yoast_head_json":{"title":"AI in Education &#8212; Contact Us","description":"We are here for teachers, school leaders, educational institutions and professionals. Send us your questions, suggestions or experiences.","robots":{"index":"index","follow":"follow","max-snippet":"max-snippet:-1","max-image-preview":"max-image-preview:large","max-video-preview":"max-video-preview:-1"},"canonical":"https:\/\/ai.iedu.sk\/en\/contact\/","og_locale":"en_US","og_type":"article","og_title":"AI in Education &#8212; Contact Us","og_description":"We are here for teachers, school leaders, educational institutions and professionals. Send us your questions, suggestions or experiences.","og_url":"https:\/\/ai.iedu.sk\/en\/contact\/","og_site_name":"AI IEDU","article_modified_time":"2026-03-10T09:15:31+00:00","og_image":[{"width":1200,"height":630,"url":"https:\/\/ai.iedu.sk\/wp-content\/uploads\/2025\/09\/AI-social-media.png","type":"image\/png"}],"twitter_card":"summary_large_image","twitter_misc":{"Est. reading time":"1 minute"},"schema":{"@context":"https:\/\/schema.org","@graph":[{"@type":"WebPage","@id":"https:\/\/ai.iedu.sk\/en\/contact\/","url":"https:\/\/ai.iedu.sk\/en\/contact\/","name":"AI in Education &#8212; Contact Us","isPartOf":{"@id":"https:\/\/ai.iedu.sk\/#website"},"datePublished":"2025-08-11T08:45:18+00:00","dateModified":"2026-03-10T09:15:31+00:00","description":"We are here for teachers, school leaders, educational institutions and professionals. Send us your questions, suggestions or experiences.","breadcrumb":{"@id":"https:\/\/ai.iedu.sk\/en\/contact\/#breadcrumb"},"inLanguage":"en-US","potentialAction":[{"@type":"ReadAction","target":["https:\/\/ai.iedu.sk\/en\/contact\/"]}]},{"@type":"BreadcrumbList","@id":"https:\/\/ai.iedu.sk\/en\/contact\/#breadcrumb","itemListElement":[{"@type":"ListItem","position":1,"name":"Domovsk\u00e1 str\u00e1nka","item":"https:\/\/ai.iedu.sk\/en\/"},{"@type":"ListItem","position":2,"name":"Contact"}]},{"@type":"WebSite","@id":"https:\/\/ai.iedu.sk\/#website","url":"https:\/\/ai.iedu.sk\/","name":"AI IEDU","description":"Umel\u00e1 inteligencia vo vzdel\u00e1van\u00ed","potentialAction":[{"@type":"SearchAction","target":{"@type":"EntryPoint","urlTemplate":"https:\/\/ai.iedu.sk\/?s={search_term_string}"},"query-input":{"@type":"PropertyValueSpecification","valueRequired":true,"valueName":"search_term_string"}}],"inLanguage":"en-US"}]}},"_links":{"self":[{"href":"https:\/\/ai.iedu.sk\/en\/wp-json\/wp\/v2\/pages\/4286","targetHints":{"allow":["GET"]}}],"collection":[{"href":"https:\/\/ai.iedu.sk\/en\/wp-json\/wp\/v2\/pages"}],"about":[{"href":"https:\/\/ai.iedu.sk\/en\/wp-json\/wp\/v2\/types\/page"}],"author":[{"embeddable":true,"href":"https:\/\/ai.iedu.sk\/en\/wp-json\/wp\/v2\/users\/1"}],"replies":[{"embeddable":true,"href":"https:\/\/ai.iedu.sk\/en\/wp-json\/wp\/v2\/comments?post=4286"}],"version-history":[{"count":5,"href":"https:\/\/ai.iedu.sk\/en\/wp-json\/wp\/v2\/pages\/4286\/revisions"}],"predecessor-version":[{"id":4887,"href":"https:\/\/ai.iedu.sk\/en\/wp-json\/wp\/v2\/pages\/4286\/revisions\/4887"}],"wp:attachment":[{"href":"https:\/\/ai.iedu.sk\/en\/wp-json\/wp\/v2\/media?parent=4286"}],"curies":[{"name":"wp","href":"https:\/\/api.w.org\/{rel}","templated":true}]}}